{"id":2419,"date":"2019-11-18T22:29:05","date_gmt":"2019-11-18T21:29:05","guid":{"rendered":"http:\/\/www.treffpunkt-dorfprojekte.de\/cms\/?page_id=2419"},"modified":"2020-12-30T18:27:45","modified_gmt":"2020-12-30T17:27:45","slug":"arbeitskreis-energie-und-umwelt-ak-eu","status":"publish","type":"page","link":"http:\/\/www.treffpunkt-dorfprojekte.de\/cms\/arbeitskreis-energie-und-umwelt-ak-eu\/","title":{"rendered":"AK Energie und Umwelt"},"content":{"rendered":"\n<p class=\"has-black-color has-luminous-vivid-amber-background-color has-text-color has-background has-medium-font-size\"><strong>Wegen Corona sind leider bis auf weiteres keine Treffen angesagt.<\/strong><\/p>\n\n\n\n<h2 class=\"wp-block-heading\">Entstehungsgeschichte:<\/h2>\n\n\n\n<p>Dieser Arbeitskreis Energie und Umwelt (<strong>AK E&amp;U<\/strong>) hat sich anl\u00e4sslich einer Klausurtagung von SPD und W\u00e4hlerforum vor vielen Jahren gebildet. <\/p>\n\n\n\n<p>Seit damals tagt er mehr oder regelm\u00e4ssig um sich mit m\u00f6glichen Verbesserungen in der Gemeinde Finsing auseinander zu setzen.<\/p>\n\n\n\n<p>Obwohl die geschichtlichen Wurzeln in der SPD liegen, ist der Arbeitskreis f\u00fcr alle offen, die sich f\u00fcr das Thema Energie und Umwelt engagieren wollen. Es ist unser aller anliegen was zu bewegen und dabei ist die Zugeh\u00f6rigkeit zu einer politischen Farbe zweitrangig.<\/p>\n\n\n\n<p>Als Gr\u00fcndungsmitglieder des <strong><em>AK E&amp;U<\/em><\/strong> z\u00e4hlen: Huber Martin, Georg Gartner, Josefine Gartner, Josef Eichinger und Thomas Zhiel. Schon kurz darauf schlossen sich dem AK Heiner Gr\u00fcnwald und J\u00f6rg Stietzel an.<\/p>\n\n\n\n<p>Wenns man es nicht ganz so genau nimmt, f\u00fchrt der AK die Ideen und Ziele der ehemaligen Agenda21-Gruppe der Gemeinde weiter.<\/p>\n\n\n\n<p>Viele Hintergrundinfos k\u00f6nnen Sie auf der Internetseite von <a href=\"http:\/\/spd-waehlerforum.de\/\">SPD-w\u00e4hlerforum.de<\/a>, <a href=\"http:\/\/spd-parteifreiebuerger-finsing.de\/\">SPD-parteifreiebuerger-finsing.de<\/a> oder <a href=\"http:\/\/freizeit-in-finsing.de\/agenda21\/\">www.freizeit-in-finsing.de\/agenda21<\/a> finden.<\/p>\n\n\n\n<p>Schauen sie bei den <a href=\"http:\/\/www.treffpunkt-dorfprojekte.de\/cms\/veranstaltungsseite\/\">Veranstaltungshinweisen <\/a>nach, wann das n\u00e4chste Treffen ist.<\/p>\n\n\n\n<p>Viele Gr\u00fcsse, Ihr Sepp Eichinger<\/p>\n","protected":false},"excerpt":{"rendered":"<p>Wegen Corona sind leider bis auf weiteres keine Treffen angesagt. Entstehungsgeschichte: Dieser Arbeitskreis Energie und Umwelt (AK E&amp;U) hat sich anl\u00e4sslich einer Klausurtagung von SPD und W\u00e4hlerforum vor vielen Jahren gebildet. Seit damals tagt er mehr oder regelm\u00e4ssig um sich [&hellip;]<\/p>\n","protected":false},"author":1,"featured_media":2635,"parent":0,"menu_order":0,"comment_status":"closed","ping_status":"closed","template":"","meta":{"footnotes":""},"class_list":["post-2419","page","type-page","status-publish","has-post-thumbnail","hentry"],"_links":{"self":[{"href":"http:\/\/www.treffpunkt-dorfprojekte.de\/cms\/wp-json\/wp\/v2\/pages\/2419","targetHints":{"allow":["GET"]}}],"collection":[{"href":"http:\/\/www.treffpunkt-dorfprojekte.de\/cms\/wp-json\/wp\/v2\/pages"}],"about":[{"href":"http:\/\/www.treffpunkt-dorfprojekte.de\/cms\/wp-json\/wp\/v2\/types\/page"}],"author":[{"embeddable":true,"href":"http:\/\/www.treffpunkt-dorfprojekte.de\/cms\/wp-json\/wp\/v2\/users\/1"}],"replies":[{"embeddable":true,"href":"http:\/\/www.treffpunkt-dorfprojekte.de\/cms\/wp-json\/wp\/v2\/comments?post=2419"}],"version-history":[{"count":10,"href":"http:\/\/www.treffpunkt-dorfprojekte.de\/cms\/wp-json\/wp\/v2\/pages\/2419\/revisions"}],"predecessor-version":[{"id":2660,"href":"http:\/\/www.treffpunkt-dorfprojekte.de\/cms\/wp-json\/wp\/v2\/pages\/2419\/revisions\/2660"}],"wp:featuredmedia":[{"embeddable":true,"href":"http:\/\/www.treffpunkt-dorfprojekte.de\/cms\/wp-json\/wp\/v2\/media\/2635"}],"wp:attachment":[{"href":"http:\/\/www.treffpunkt-dorfprojekte.de\/cms\/wp-json\/wp\/v2\/media?parent=2419"}],"curies":[{"name":"wp","href":"https:\/\/api.w.org\/{rel}","templated":true}]}}