{"id":2096,"date":"2019-08-13T23:55:37","date_gmt":"2019-08-13T21:55:37","guid":{"rendered":"http:\/\/www.treffpunkt-dorfprojekte.de\/cms\/?page_id=2096"},"modified":"2019-10-06T22:30:03","modified_gmt":"2019-10-06T20:30:03","slug":"dsgvo-impressum","status":"publish","type":"page","link":"http:\/\/www.treffpunkt-dorfprojekte.de\/cms\/dsgvo-impressum\/","title":{"rendered":"DSGVO-Impressum"},"content":{"rendered":"\n<h1 class=\"wp-block-heading\"><strong>Datenschutzerkl\u00e4rung und Impressum<\/strong><\/h1>\n\n\n\n<hr class=\"wp-block-separator\"\/>\n\n\n\n<h2 class=\"wp-block-heading\"><strong>Datenschutzerkl\u00e4rung <\/strong><\/h2>\n\n\n\n<p>pdf zum Download (<a href=\"http:\/\/www.treffpunkt-dorfprojekte.de\/cms\/wp-content\/uploads\/2019\/08\/DSGVO-Datenschutzerklaerung-Treffpunkt-Dorfprojekte.pdf\">Datenschutzerkl\u00e4rung<\/a>)<\/p>\n\n\n\n<hr class=\"wp-block-separator\"\/>\n\n\n\n<h2 class=\"wp-block-heading\"><strong>Impressum<\/strong><\/h2>\n\n\n\n<table class=\"wp-block-table\"><tbody><tr><td>Die Website &#8222;www.treffpunkt-dorfprojekte.de&#8220; und alle untergeorgneten Inhalte wird unterhalten vom SPD-Ortsverein Finsing <\/td><\/tr><tr><td><strong>Angaben gem\u00e4\u00df \u00a7 5 TMG: <\/strong><br>SPD Ortsverein <strong>Finsing<\/strong><br> Pfarrer-Eitlinger-Ring 5<br> 85464 Finsing <br><br><strong>Vertreten durch: <\/strong><br>Vorsitzende des SPD Ortsvereins Finsing<br> Gertrud Eichinger <br><br><strong>Kontakt: <\/strong><br>Telefon: 08121-973639<br> E-Mail: info@designkomm.de <br><br><strong>Verantwortlich f\u00fcr den Inhalt nach \u00a7 55 Abs. 2 RStV: <\/strong><br>Gertrud Eichinger<br> Pfarrer-Eitlinger-Ring 5<br> 85464 Finsing <br><br><strong>Streitschlichtung<\/strong><br> Wir sind nicht bereit oder verpflichtet, an Streitbeilegungsverfahren vor einer Verbraucherschlichtungsstelle teilzunehmen. <br><br><strong>Haftung f\u00fcr Inhalte <\/strong><br>Als Diensteanbieter sind wir gem\u00e4\u00df \u00a7 7 Abs.1 TMG f\u00fcr  eigene Inhalte auf diesen Seiten nach den allgemeinen Gesetzen  verantwortlich. Nach \u00a7\u00a7 8 bis 10 TMG sind wir als Diensteanbieter jedoch  nicht verpflichtet, \u00fcbermittelte oder gespeicherte fremde Informationen  zu \u00fcberwachen oder nach Umst\u00e4nden zu forschen, die auf eine  rechtswidrige T\u00e4tigkeit hinweisen.<br> Verpflichtungen zur Entfernung oder Sperrung der Nutzung von  Informationen nach den allgemeinen Gesetzen bleiben hiervon unber\u00fchrt.  Eine diesbez\u00fcgliche Haftung ist jedoch erst ab dem Zeitpunkt der  Kenntnis einer konkreten Rechtsverletzung m\u00f6glich. Bei Bekanntwerden von  entsprechenden Rechtsverletzungen werden wir diese Inhalte umgehend  entfernen. <br><br><strong>Haftung f\u00fcr Links <\/strong><br>Unser Angebot enth\u00e4lt Links zu externen Websites Dritter, auf deren Inhalte wir keinen Einfluss haben.<br> Deshalb k\u00f6nnen wir f\u00fcr diese fremden Inhalte auch keine Gew\u00e4hr  \u00fcbernehmen. F\u00fcr die Inhalte der verlinkten Seiten ist stets der  jeweilige Anbieter oder Betreiber der Seiten verantwortlich. Die  verlinkten Seiten wurden zum Zeitpunkt der Verlinkung auf m\u00f6gliche  Rechtsverst\u00f6\u00dfe \u00fcberpr\u00fcft. Rechtswidrige Inhalte waren zum Zeitpunkt der  Verlinkung nicht erkennbar.<br> Eine permanente inhaltliche Kontrolle der verlinkten Seiten ist  jedoch ohne konkrete Anhaltspunkte einer Rechtsverletzung nicht  zumutbar. Bei Bekanntwerden von Rechtsverletzungen werden wir derartige  Links umgehend entfernen. <br><br><strong>Urheberrecht <\/strong><br>Die durch die Seitenbetreiber erstellten Inhalte und  Werke auf diesen Seiten unterliegen dem deutschen Urheberrecht. Die  Vervielf\u00e4ltigung, Bearbeitung, Verbreitung und jede Art der Verwertung  au\u00dferhalb der Grenzen des Urheberrechtes bed\u00fcrfen der schriftlichen  Zustimmung des jeweiligen Autors bzw. Erstellers. Downloads und Kopien  dieser Seite sind nur f\u00fcr den privaten, nicht kommerziellen Gebrauch  gestattet.<br> Soweit die Inhalte auf dieser Seite nicht vom Betreiber erstellt  wurden, werden die Urheberrechte Dritter beachtet. Insbesondere werden  Inhalte Dritter als solche gekennzeichnet. Sollten Sie trotzdem auf eine  Urheberrechtsverletzung aufmerksam werden, bitten wir um einen  entsprechenden Hinweis. Bei Bekanntwerden von Rechtsverletzungen werden  wir derartige Inhalte umgehend entfernen. <br><br><strong>Quelle: eRecht24 &nbsp; <\/strong><br>Sollten Teile oder einzelne  Formulierungen des Haftungsausschlusses der geltenden Rechtslage nicht,  nicht mehr oder nicht vollst\u00e4ndig entsprechen, bleiben die \u00fcbrigen Teile  in ihrem Inhalt und ihrer G\u00fcltigkeit davon unber\u00fchrt. <\/td><\/tr><\/tbody><\/table>\n","protected":false},"excerpt":{"rendered":"<p>Datenschutzerkl\u00e4rung und Impressum Datenschutzerkl\u00e4rung pdf zum Download (Datenschutzerkl\u00e4rung) Impressum Die Website &#8222;www.treffpunkt-dorfprojekte.de&#8220; und alle untergeorgneten Inhalte wird unterhalten vom SPD-Ortsverein Finsing Angaben gem\u00e4\u00df \u00a7 5 TMG: SPD Ortsverein Finsing Pfarrer-Eitlinger-Ring 5 85464 Finsing Vertreten durch: Vorsitzende des SPD Ortsvereins Finsing [&hellip;]<\/p>\n","protected":false},"author":1,"featured_media":0,"parent":0,"menu_order":0,"comment_status":"closed","ping_status":"closed","template":"","meta":{"footnotes":""},"class_list":["post-2096","page","type-page","status-publish","hentry"],"_links":{"self":[{"href":"http:\/\/www.treffpunkt-dorfprojekte.de\/cms\/wp-json\/wp\/v2\/pages\/2096","targetHints":{"allow":["GET"]}}],"collection":[{"href":"http:\/\/www.treffpunkt-dorfprojekte.de\/cms\/wp-json\/wp\/v2\/pages"}],"about":[{"href":"http:\/\/www.treffpunkt-dorfprojekte.de\/cms\/wp-json\/wp\/v2\/types\/page"}],"author":[{"embeddable":true,"href":"http:\/\/www.treffpunkt-dorfprojekte.de\/cms\/wp-json\/wp\/v2\/users\/1"}],"replies":[{"embeddable":true,"href":"http:\/\/www.treffpunkt-dorfprojekte.de\/cms\/wp-json\/wp\/v2\/comments?post=2096"}],"version-history":[{"count":6,"href":"http:\/\/www.treffpunkt-dorfprojekte.de\/cms\/wp-json\/wp\/v2\/pages\/2096\/revisions"}],"predecessor-version":[{"id":2103,"href":"http:\/\/www.treffpunkt-dorfprojekte.de\/cms\/wp-json\/wp\/v2\/pages\/2096\/revisions\/2103"}],"wp:attachment":[{"href":"http:\/\/www.treffpunkt-dorfprojekte.de\/cms\/wp-json\/wp\/v2\/media?parent=2096"}],"curies":[{"name":"wp","href":"https:\/\/api.w.org\/{rel}","templated":true}]}}