{"id":1998,"date":"2019-08-13T11:41:14","date_gmt":"2019-08-13T09:41:14","guid":{"rendered":"http:\/\/www.treffpunkt-dorfprojekte.de\/cms\/?page_id=1998"},"modified":"2021-05-13T23:38:47","modified_gmt":"2021-05-13T21:38:47","slug":"treffpunkt-dorfprojekte","status":"publish","type":"page","link":"http:\/\/www.treffpunkt-dorfprojekte.de\/cms\/","title":{"rendered":"Treffpunkt-Dorfprojekte"},"content":{"rendered":"\n<h1 class=\"wp-block-heading\"><img decoding=\"async\" class=\"wp-image-6\" style=\"width: 150px;\" src=\"http:\/\/www.treffpunkt-dorfprojekte.de\/cms\/wp-content\/uploads\/2019\/07\/hexagon-e1564432950195.jpg\" alt=\"Treffpunkt Dorfprojekte - Finsing\">Willkommen auf der Internetseite von &#8222;<strong><em>Treffpunkt Dorfprojekte<\/em><\/strong>&#8222;<\/h1>\n\n\n\n<p style=\"font-size:0\"><strong>Liebe Freundinnen und Freunde und all diejenigen die gerne in Finsing leben,<\/strong><\/p>\n\n\n\n<p class=\"has-text-color has-very-dark-gray-color\"> &#8222;<strong><em>Treffpunkt  Dorfprojekte<\/em><\/strong>&#8220; ist eine neue Form der B\u00fcrgerbeteiligung f\u00fcr die Gemeinde  Finsing. <\/p>\n\n\n\n<p class=\"has-text-color has-very-dark-gray-color\">Alle B\u00fcrgerinnen und B\u00fcrger sind dabei eingeladen, ihre Ideen  und Vorstellungen zu verwirklichen. Treffpunkt Dorfprojekte dient daf\u00fcr  als Plattform, um Gleichgesinnte zu finden, zu planen, Erfahrungen  auszutauschen und gemeinsam anzupacken. Die Ansprechpartner vermitteln  und helfen bei der Planung und Umsetzung.  <\/p>\n\n\n\n<p class=\"has-text-color has-very-dark-gray-color\">\nWas\n fehlt Ihnen in unserer Gemeinde noch? Freizeitangebote, Nahverkehr, \nKulturleben, Bildung, Fahrradwege, Skaterbahn, &#8211; jetzt ist die \nGelegenheit, sich einzubringen um die Gemeinde Finsing f\u00fcr uns alle noch\n lebenswerter zu machen.\n\n<\/p>\n\n\n\n<p class=\"has-text-color has-very-dark-gray-color\">&#8222;<strong><em>Treffpunkt Dorfprojekte<\/em><\/strong>&#8220; bedeutet:<\/p>\n\n\n\n<ul class=\"wp-block-list\"><li>eigene Ideen zum Leben erwecken<\/li><li>neue Leute kennen lernen<\/li><li>die Lebensqualit\u00e4t verbessern<\/li><li>gelebte Demokratie<\/li><li>gemeinsam etwas erreichen<\/li><li>nicht warten bis etwas passiert, sondern selbst starten<\/li><li><\/li><\/ul>\n\n\n\n<p> Die ersten Projekte wie z.B. <a href=\"http:\/\/www.treffpunkt-dorfprojekte.de\/cms\/portfolio_category\/carsharing\/\">CarSharing <\/a>oder das \u00fcberaus erfolgreiche <a href=\"http:\/\/www.treffpunkt-dorfprojekte.de\/cms\/portfolio_category\/repair-cafe\/\">Repair-Cafe<\/a> sind bereits am Laufen und neue im entstehen und mit Ihrer Beteiligung werden noch viele weitere folgen. <\/p>\n\n\n\n<p class=\"has-text-color has-very-dark-gray-color\">S\u00f6bern Sie ruhig in den Men\u00fcs zu &#8222;Repair-Cafe&#8220; und &#8222;Carsharing&#8220;. Sie werden Berichte, Informationen rund um das jeweilige Thema finden. Wenn Sie Mitmachen wollen, melden Sie sich bitte unverbindlich bei den jeweiligen Ansprechpartnern .<\/p>\n\n\n\n<p>Wir,  die Initiatoren des &#8222;<a href=\"http:\/\/www.treffpunkt-dorfprojekte.de\/cms\/\">Treffpunkt Dorfprojekte<\/a>&#8220; m\u00f6chten gerne unsere  Begeisterung mit Ihnen teilen und laden Sie herzlich ein sich aus erster  Hand \u00fcber die Aktion zu informieren.<\/p>\n\n\n\n<p class=\"has-text-color has-very-dark-gray-color\">Und wenn Sie eine Idee f\u00fcr ein neues Projekt haben, das Ihnen am Herzen liegt, rufen Sie an, schreiben Sie eine Email. Scheuen Sie sich nicht &#8211; wir sind f\u00fcr Sie da.<\/p>\n\n\n\n<p> Als Ansprechpartner und K\u00fcmmerer f\u00fcr den \u201eTreffpunkt Dorfprojekte\u201c fungieren die SPD Ortsvorsitzende <a href=\"mailto:info@gertrud-eichinger.de\">Gertrud Eichinger<\/a>  und der Sprecher des Gr\u00fcnen W\u00e4hlerforums <em>Thomas Ziehl<\/em><\/p>\n","protected":false},"excerpt":{"rendered":"<p>Willkommen auf der Internetseite von &#8222;Treffpunkt Dorfprojekte&#8222; Liebe Freundinnen und Freunde und all diejenigen die gerne in Finsing leben, &#8222;Treffpunkt Dorfprojekte&#8220; ist eine neue Form der B\u00fcrgerbeteiligung f\u00fcr die Gemeinde Finsing. Alle B\u00fcrgerinnen und B\u00fcrger sind dabei eingeladen, ihre Ideen [&hellip;]<\/p>\n","protected":false},"author":1,"featured_media":2182,"parent":0,"menu_order":0,"comment_status":"closed","ping_status":"closed","template":"page.php","meta":{"footnotes":""},"class_list":["post-1998","page","type-page","status-publish","has-post-thumbnail","hentry"],"_links":{"self":[{"href":"http:\/\/www.treffpunkt-dorfprojekte.de\/cms\/wp-json\/wp\/v2\/pages\/1998","targetHints":{"allow":["GET"]}}],"collection":[{"href":"http:\/\/www.treffpunkt-dorfprojekte.de\/cms\/wp-json\/wp\/v2\/pages"}],"about":[{"href":"http:\/\/www.treffpunkt-dorfprojekte.de\/cms\/wp-json\/wp\/v2\/types\/page"}],"author":[{"embeddable":true,"href":"http:\/\/www.treffpunkt-dorfprojekte.de\/cms\/wp-json\/wp\/v2\/users\/1"}],"replies":[{"embeddable":true,"href":"http:\/\/www.treffpunkt-dorfprojekte.de\/cms\/wp-json\/wp\/v2\/comments?post=1998"}],"version-history":[{"count":31,"href":"http:\/\/www.treffpunkt-dorfprojekte.de\/cms\/wp-json\/wp\/v2\/pages\/1998\/revisions"}],"predecessor-version":[{"id":2663,"href":"http:\/\/www.treffpunkt-dorfprojekte.de\/cms\/wp-json\/wp\/v2\/pages\/1998\/revisions\/2663"}],"wp:featuredmedia":[{"embeddable":true,"href":"http:\/\/www.treffpunkt-dorfprojekte.de\/cms\/wp-json\/wp\/v2\/media\/2182"}],"wp:attachment":[{"href":"http:\/\/www.treffpunkt-dorfprojekte.de\/cms\/wp-json\/wp\/v2\/media?parent=1998"}],"curies":[{"name":"wp","href":"https:\/\/api.w.org\/{rel}","templated":true}]}}